{"id":23,"date":"2025-06-30T22:32:10","date_gmt":"2025-06-30T22:32:10","guid":{"rendered":"https:\/\/temp.ruizlaw.net\/?page_id=23"},"modified":"2025-06-30T22:32:13","modified_gmt":"2025-06-30T22:32:13","slug":"powers-of-attorney-apostille-services","status":"publish","type":"page","link":"https:\/\/temp.ruizlaw.net\/es\/powers-of-attorney-apostille-services\/","title":{"rendered":"Poderes Notariales y Apostillas"},"content":{"rendered":"<p class=\"\">En Ruiz Law ayudamos a nuestros clientes a preparar Poderes Notariales (POAs) para una amplia variedad de necesidades legales \u2014 incluyendo asuntos financieros, m\u00e9dicos y familiares.\n\nTambi\u00e9n ofrecemos ayuda con el proceso de apostilla, para que tus documentos puedan ser reconocidos y utilizados en el extranjero.\n\nYa sea que est\u00e9s ayudando a un ser querido en tu pa\u00eds o prepar\u00e1ndote para un tr\u00e1mite futuro, nos aseguramos de que tus documentos est\u00e9n correctamente preparados.\n\nLl\u00e1manos para programar una consulta y ver c\u00f3mo podemos ayudarte.<\/p>\n\n\n\n<p class=\"\">We also assist with the <strong>apostille process<\/strong> so your documents can be recognized and used abroad.<\/p>\n\n\n\n<p class=\"\">Whether you&#8217;re helping a loved one back home or preparing for a future legal matter, we\u2019ll make sure your documents are done right and ready to go.<\/p>\n\n\n\n<p class=\"\">Call us to schedule a consultation and learn how we can help.<\/p>","protected":false},"excerpt":{"rendered":"<p>Ruiz Law helps clients prepare Powers of Attorney (POAs) for a wide range of legal needs \u2014 including finances, medical care, and family matters. We also assist with the apostille process so your documents can be recognized and used abroad. Whether you&#8217;re helping a loved one back home or preparing for a future legal matter, [&hellip;]<\/p>\n","protected":false},"author":1,"featured_media":0,"parent":0,"menu_order":0,"comment_status":"closed","ping_status":"closed","template":"","meta":{"nf_dc_page":"","om_disable_all_campaigns":false,"_monsterinsights_skip_tracking":false,"_monsterinsights_sitenote_active":false,"_monsterinsights_sitenote_note":"","_monsterinsights_sitenote_category":0,"footnotes":""},"class_list":["post-23","page","type-page","status-publish","hentry"],"yoast_head":"<!-- This site is optimized with the Yoast SEO plugin v27.4 - https:\/\/yoast.com\/product\/yoast-seo-wordpress\/ -->\n<title>Powers of Attorney &amp; Apostille Services - temp.ruizlaw.net<\/title>\n<meta name=\"robots\" content=\"index, follow, max-snippet:-1, max-image-preview:large, max-video-preview:-1\" \/>\n<link rel=\"canonical\" href=\"https:\/\/temp.ruizlaw.net\/es\/powers-of-attorney-apostille-services\/\" \/>\n<meta property=\"og:locale\" content=\"es_ES\" \/>\n<meta property=\"og:type\" content=\"article\" \/>\n<meta property=\"og:title\" content=\"Powers of Attorney &amp; Apostille Services - temp.ruizlaw.net\" \/>\n<meta property=\"og:description\" content=\"Ruiz Law helps clients prepare Powers of Attorney (POAs) for a wide range of legal needs \u2014 including finances, medical care, and family matters. We also assist with the apostille process so your documents can be recognized and used abroad. Whether you&#8217;re helping a loved one back home or preparing for a future legal matter, [&hellip;]\" \/>\n<meta property=\"og:url\" content=\"https:\/\/temp.ruizlaw.net\/es\/powers-of-attorney-apostille-services\/\" \/>\n<meta property=\"og:site_name\" content=\"temp.ruizlaw.net\" \/>\n<meta property=\"article:modified_time\" content=\"2025-06-30T22:32:13+00:00\" \/>\n<meta name=\"twitter:card\" content=\"summary_large_image\" \/>\n<meta name=\"twitter:label1\" content=\"Tiempo de lectura\" \/>\n\t<meta name=\"twitter:data1\" content=\"1 minuto\" \/>\n<script type=\"application\/ld+json\" class=\"yoast-schema-graph\">{\"@context\":\"https:\\\/\\\/schema.org\",\"@graph\":[{\"@type\":\"WebPage\",\"@id\":\"https:\\\/\\\/temp.ruizlaw.net\\\/en\\\/powers-of-attorney-apostille-services\\\/\",\"url\":\"https:\\\/\\\/temp.ruizlaw.net\\\/en\\\/powers-of-attorney-apostille-services\\\/\",\"name\":\"Powers of Attorney &amp; Apostille Services - temp.ruizlaw.net\",\"isPartOf\":{\"@id\":\"http:\\\/\\\/temp.ruizlaw.net\\\/en\\\/#website\"},\"datePublished\":\"2025-06-30T22:32:10+00:00\",\"dateModified\":\"2025-06-30T22:32:13+00:00\",\"breadcrumb\":{\"@id\":\"https:\\\/\\\/temp.ruizlaw.net\\\/en\\\/powers-of-attorney-apostille-services\\\/#breadcrumb\"},\"inLanguage\":\"es-CO\",\"potentialAction\":[{\"@type\":\"ReadAction\",\"target\":[\"https:\\\/\\\/temp.ruizlaw.net\\\/en\\\/powers-of-attorney-apostille-services\\\/\"]}]},{\"@type\":\"BreadcrumbList\",\"@id\":\"https:\\\/\\\/temp.ruizlaw.net\\\/en\\\/powers-of-attorney-apostille-services\\\/#breadcrumb\",\"itemListElement\":[{\"@type\":\"ListItem\",\"position\":1,\"name\":\"Home\",\"item\":\"http:\\\/\\\/temp.ruizlaw.net\\\/en\\\/\"},{\"@type\":\"ListItem\",\"position\":2,\"name\":\"Powers of Attorney &amp; Apostille Services\"}]},{\"@type\":\"WebSite\",\"@id\":\"http:\\\/\\\/temp.ruizlaw.net\\\/en\\\/#website\",\"url\":\"http:\\\/\\\/temp.ruizlaw.net\\\/en\\\/\",\"name\":\"temp.ruizlaw.net\",\"description\":\"\",\"potentialAction\":[{\"@type\":\"SearchAction\",\"target\":{\"@type\":\"EntryPoint\",\"urlTemplate\":\"http:\\\/\\\/temp.ruizlaw.net\\\/en\\\/?s={search_term_string}\"},\"query-input\":{\"@type\":\"PropertyValueSpecification\",\"valueRequired\":true,\"valueName\":\"search_term_string\"}}],\"inLanguage\":\"es-CO\"}]}<\/script>\n<!-- \/ Yoast SEO plugin. -->","yoast_head_json":{"title":"Powers of Attorney &amp; Apostille Services - temp.ruizlaw.net","robots":{"index":"index","follow":"follow","max-snippet":"max-snippet:-1","max-image-preview":"max-image-preview:large","max-video-preview":"max-video-preview:-1"},"canonical":"https:\/\/temp.ruizlaw.net\/es\/powers-of-attorney-apostille-services\/","og_locale":"es_ES","og_type":"article","og_title":"Powers of Attorney &amp; Apostille Services - temp.ruizlaw.net","og_description":"Ruiz Law helps clients prepare Powers of Attorney (POAs) for a wide range of legal needs \u2014 including finances, medical care, and family matters. We also assist with the apostille process so your documents can be recognized and used abroad. Whether you&#8217;re helping a loved one back home or preparing for a future legal matter, [&hellip;]","og_url":"https:\/\/temp.ruizlaw.net\/es\/powers-of-attorney-apostille-services\/","og_site_name":"temp.ruizlaw.net","article_modified_time":"2025-06-30T22:32:13+00:00","twitter_card":"summary_large_image","twitter_misc":{"Tiempo de lectura":"1 minuto"},"schema":{"@context":"https:\/\/schema.org","@graph":[{"@type":"WebPage","@id":"https:\/\/temp.ruizlaw.net\/en\/powers-of-attorney-apostille-services\/","url":"https:\/\/temp.ruizlaw.net\/en\/powers-of-attorney-apostille-services\/","name":"Powers of Attorney &amp; Apostille Services - temp.ruizlaw.net","isPartOf":{"@id":"http:\/\/temp.ruizlaw.net\/en\/#website"},"datePublished":"2025-06-30T22:32:10+00:00","dateModified":"2025-06-30T22:32:13+00:00","breadcrumb":{"@id":"https:\/\/temp.ruizlaw.net\/en\/powers-of-attorney-apostille-services\/#breadcrumb"},"inLanguage":"es-CO","potentialAction":[{"@type":"ReadAction","target":["https:\/\/temp.ruizlaw.net\/en\/powers-of-attorney-apostille-services\/"]}]},{"@type":"BreadcrumbList","@id":"https:\/\/temp.ruizlaw.net\/en\/powers-of-attorney-apostille-services\/#breadcrumb","itemListElement":[{"@type":"ListItem","position":1,"name":"Home","item":"http:\/\/temp.ruizlaw.net\/en\/"},{"@type":"ListItem","position":2,"name":"Powers of Attorney &amp; Apostille Services"}]},{"@type":"WebSite","@id":"http:\/\/temp.ruizlaw.net\/en\/#website","url":"http:\/\/temp.ruizlaw.net\/en\/","name":"temp.ruizlaw.net","description":"","potentialAction":[{"@type":"SearchAction","target":{"@type":"EntryPoint","urlTemplate":"http:\/\/temp.ruizlaw.net\/en\/?s={search_term_string}"},"query-input":{"@type":"PropertyValueSpecification","valueRequired":true,"valueName":"search_term_string"}}],"inLanguage":"es-CO"}]}},"jetpack_sharing_enabled":true,"_links":{"self":[{"href":"https:\/\/temp.ruizlaw.net\/es\/wp-json\/wp\/v2\/pages\/23","targetHints":{"allow":["GET"]}}],"collection":[{"href":"https:\/\/temp.ruizlaw.net\/es\/wp-json\/wp\/v2\/pages"}],"about":[{"href":"https:\/\/temp.ruizlaw.net\/es\/wp-json\/wp\/v2\/types\/page"}],"author":[{"embeddable":true,"href":"https:\/\/temp.ruizlaw.net\/es\/wp-json\/wp\/v2\/users\/1"}],"replies":[{"embeddable":true,"href":"https:\/\/temp.ruizlaw.net\/es\/wp-json\/wp\/v2\/comments?post=23"}],"version-history":[{"count":1,"href":"https:\/\/temp.ruizlaw.net\/es\/wp-json\/wp\/v2\/pages\/23\/revisions"}],"predecessor-version":[{"id":24,"href":"https:\/\/temp.ruizlaw.net\/es\/wp-json\/wp\/v2\/pages\/23\/revisions\/24"}],"wp:attachment":[{"href":"https:\/\/temp.ruizlaw.net\/es\/wp-json\/wp\/v2\/media?parent=23"}],"curies":[{"name":"wp","href":"https:\/\/api.w.org\/{rel}","templated":true}]}}